{"id":309,"date":"2026-03-12T11:13:54","date_gmt":"2026-03-12T11:13:54","guid":{"rendered":"https:\/\/pantheonrome-tickets.it\/?page_id=309"},"modified":"2026-03-12T11:32:15","modified_gmt":"2026-03-12T11:32:15","slug":"politica-de-privacidade-cookies","status":"publish","type":"page","link":"https:\/\/pantheonrome-tickets.it\/pt\/privacy-cookies-policy\/","title":{"rendered":"Pol\u00edtica de privacidade e de cookies"},"content":{"rendered":"<div data-elementor-type=\"wp-page\" data-elementor-id=\"309\" class=\"elementor elementor-309\">\n\t\t\t\t<div class=\"elementor-element elementor-element-676f337a e-flex e-con-boxed e-con e-parent\" data-id=\"676f337a\" data-element_type=\"container\" data-e-type=\"container\">\n\t\t\t\t\t<div class=\"e-con-inner\">\n\t\t\t\t<div class=\"elementor-element elementor-element-39cbf3be elementor-widget elementor-widget-heading\" data-id=\"39cbf3be\" data-element_type=\"widget\" data-e-type=\"widget\" data-widget_type=\"heading.default\">\n\t\t\t\t\t<h2 class=\"elementor-heading-title elementor-size-default\">Pol\u00edtica de privacidade e de cookies<\/h2>\t\t\t\t<\/div>\n\t\t\t\t<div class=\"elementor-element elementor-element-8f2cf3 elementor-widget elementor-widget-text-editor\" data-id=\"8f2cf3\" data-element_type=\"widget\" data-e-type=\"widget\" data-widget_type=\"text-editor.default\">\n\t\t\t\t\t\t\t\t\t<section class=\"elementor-section elementor-top-section elementor-element elementor-element-50f7ab09 elementor-section-boxed elementor-section-height-default elementor-section-height-default\" data-id=\"50f7ab09\" data-element_type=\"section\"><div class=\"elementor-container elementor-column-gap-default\"><div class=\"elementor-column elementor-col-100 elementor-top-column elementor-element elementor-element-233eec8\" data-id=\"233eec8\" data-element_type=\"column\"><div class=\"elementor-widget-wrap elementor-element-populated\"><div class=\"elementor-element elementor-element-7a3e7525 elementor-widget elementor-widget-text-editor\" data-id=\"7a3e7525\" data-element_type=\"widget\" data-widget_type=\"text-editor.default\"><div class=\"elementor-widget-container\"><div><p class=\"has-text-align-justify\">A sua privacidade \u00e9 importante. \u00c9 pol\u00edtica de privacidade e de cookies do s\u00edtio Web www.pantheonrome-tickets.it respeitar a sua privacidade em rela\u00e7\u00e3o a qualquer informa\u00e7\u00e3o que possa ser recolhida no s\u00edtio Web.<\/p><\/div><div><p class=\"has-text-align-justify\">As informa\u00e7\u00f5es pessoais s\u00f3 s\u00e3o solicitadas quando s\u00e3o realmente necess\u00e1rias para lhe prestar um servi\u00e7o. Este pedido \u00e9 efectuado atrav\u00e9s de meios justos e legais, com o seu conhecimento e consentimento. Tamb\u00e9m o informamos da raz\u00e3o pela qual essas informa\u00e7\u00f5es s\u00e3o recolhidas e da forma como ser\u00e3o utilizadas.<\/p><\/div><div><p class=\"has-text-align-justify\">As informa\u00e7\u00f5es recolhidas s\u00e3o conservadas apenas durante o tempo necess\u00e1rio para prestar o servi\u00e7o solicitado. Quando os dados s\u00e3o armazenados, s\u00e3o protegidos utilizando meios comercialmente aceit\u00e1veis para evitar perdas e roubos, bem como o acesso n\u00e3o autorizado, a divulga\u00e7\u00e3o, a c\u00f3pia, a utiliza\u00e7\u00e3o ou a modifica\u00e7\u00e3o.<\/p><\/div><div><p class=\"has-text-align-justify\">As informa\u00e7\u00f5es de identifica\u00e7\u00e3o pessoal n\u00e3o s\u00e3o partilhadas publicamente ou com terceiros, exceto quando exigido por lei.<\/p><\/div><div><p class=\"has-text-align-justify\">Este s\u00edtio Web pode conter liga\u00e7\u00f5es a s\u00edtios Web externos que n\u00e3o s\u00e3o geridos por n\u00f3s. Tenha em aten\u00e7\u00e3o que o s\u00edtio Web www.pantheonrome-tickets.it n\u00e3o tem qualquer controlo sobre o conte\u00fado e as pr\u00e1ticas desses s\u00edtios Web e n\u00e3o pode aceitar a responsabilidade pelas respectivas pol\u00edticas de privacidade.<\/p><\/div><div><p class=\"has-text-align-justify\">O utilizador \u00e9 livre de recusar o fornecimento das informa\u00e7\u00f5es pessoais solicitadas, compreendendo que alguns dos servi\u00e7os pretendidos poder\u00e3o n\u00e3o ser fornecidos.<\/p><\/div><div><p class=\"has-text-align-justify\">A utiliza\u00e7\u00e3o continuada deste s\u00edtio Web ser\u00e1 considerada como uma aceita\u00e7\u00e3o das pr\u00e1ticas relativas \u00e0 privacidade e \u00e0s informa\u00e7\u00f5es pessoais. Se tiver alguma d\u00favida sobre a forma como os dados do utilizador e as informa\u00e7\u00f5es pessoais s\u00e3o geridos, ou sobre a nossa pol\u00edtica de privacidade em geral, por favor<span class=\"apple-converted-space\">\u00a0<\/span>contacte-nos em\u00a0<a href=\"mailto:info@pantheonrome-tickets.it\">info@pantheonrome-tickets.it<\/a>.<\/p><\/div><\/div><\/div><\/div><\/div><\/div><\/section>\t\t\t\t\t\t\t\t<\/div>\n\t\t\t\t<div class=\"elementor-element elementor-element-3dd2247 elementor-widget elementor-widget-heading\" data-id=\"3dd2247\" data-element_type=\"widget\" data-e-type=\"widget\" data-widget_type=\"heading.default\">\n\t\t\t\t\t<h3 class=\"elementor-heading-title elementor-size-default\">Que dados pessoais s\u00e3o recolhidos e porqu\u00ea<\/h3>\t\t\t\t<\/div>\n\t\t\t\t<div class=\"elementor-element elementor-element-b83bf44 elementor-widget elementor-widget-text-editor\" data-id=\"b83bf44\" data-element_type=\"widget\" data-e-type=\"widget\" data-widget_type=\"text-editor.default\">\n\t\t\t\t\t\t\t\t\t<section class=\"elementor-section elementor-top-section elementor-element elementor-element-50f7ab09 elementor-section-boxed elementor-section-height-default elementor-section-height-default\" data-id=\"50f7ab09\" data-element_type=\"section\"><div class=\"elementor-container elementor-column-gap-default\"><div class=\"elementor-column elementor-col-100 elementor-top-column elementor-element elementor-element-233eec8\" data-id=\"233eec8\" data-element_type=\"column\"><div class=\"elementor-widget-wrap elementor-element-populated\"><div class=\"elementor-element elementor-element-7a3e7525 elementor-widget elementor-widget-text-editor\" data-id=\"7a3e7525\" data-element_type=\"widget\" data-widget_type=\"text-editor.default\"><div class=\"elementor-widget-container\">Os dados pessoais n\u00e3o s\u00e3o criados apenas pela intera\u00e7\u00e3o dos utilizadores com o s\u00edtio Web. Os dados pessoais s\u00e3o criados atrav\u00e9s de processos t\u00e9cnicos, tais como formul\u00e1rios de contacto, coment\u00e1rios, cookies, dados anal\u00edticos e a incorpora\u00e7\u00e3o de terceiros.<\/div><\/div><\/div><\/div><\/div><\/section>\t\t\t\t\t\t\t\t<\/div>\n\t\t\t\t\t<\/div>\n\t\t\t\t<\/div>\n\t\t<div class=\"elementor-element elementor-element-3395fee7 e-flex e-con-boxed e-con e-parent\" data-id=\"3395fee7\" data-element_type=\"container\" data-e-type=\"container\">\n\t\t\t\t\t<div class=\"e-con-inner\">\n\t\t\t\t<div class=\"elementor-element elementor-element-90a82d8 elementor-widget elementor-widget-heading\" data-id=\"90a82d8\" data-element_type=\"widget\" data-e-type=\"widget\" data-widget_type=\"heading.default\">\n\t\t\t\t\t<h3 class=\"elementor-heading-title elementor-size-default\">Pol\u00edtica de cookies<\/h3>\t\t\t\t<\/div>\n\t\t\t\t<div class=\"elementor-element elementor-element-54e08d62 elementor-widget elementor-widget-html\" data-id=\"54e08d62\" data-element_type=\"widget\" data-e-type=\"widget\" data-widget_type=\"html.default\">\n\t\t\t\t\t<script id=\"CookieDeclaration\" src=\"https:\/\/consent.cookiebot.com\/d780b8de-4f8b-4865-a4df-2385828c0145\/cd.js\" type=\"text\/javascript\" async><\/script>\t\t\t\t<\/div>\n\t\t\t\t\t<\/div>\n\t\t\t\t<\/div>\n\t\t<div class=\"elementor-element elementor-element-f1e359 e-flex e-con-boxed e-con e-parent\" data-id=\"f1e359\" data-element_type=\"container\" data-e-type=\"container\">\n\t\t\t\t\t<div class=\"e-con-inner\">\n\t\t\t\t<div class=\"elementor-element elementor-element-cb378c2 elementor-widget elementor-widget-heading\" data-id=\"cb378c2\" data-element_type=\"widget\" data-e-type=\"widget\" data-widget_type=\"heading.default\">\n\t\t\t\t\t<h3 class=\"elementor-heading-title elementor-size-default\">Os direitos que o utilizador tem sobre os seus dados<\/h3>\t\t\t\t<\/div>\n\t\t\t\t<div class=\"elementor-element elementor-element-1788a763 elementor-widget elementor-widget-text-editor\" data-id=\"1788a763\" data-element_type=\"widget\" data-e-type=\"widget\" data-widget_type=\"text-editor.default\">\n\t\t\t\t\t\t\t\t\t<section class=\"elementor-section elementor-top-section elementor-element elementor-element-d84f624 elementor-section-boxed elementor-section-height-default elementor-section-height-default\" data-id=\"d84f624\" data-element_type=\"section\"><div class=\"elementor-container elementor-column-gap-default\"><div class=\"elementor-column elementor-col-100 elementor-top-column elementor-element elementor-element-76d7e138\" data-id=\"76d7e138\" data-element_type=\"column\"><div class=\"elementor-widget-wrap elementor-element-populated\"><div class=\"elementor-element elementor-element-64f6227a elementor-widget elementor-widget-heading\" data-id=\"64f6227a\" data-element_type=\"widget\" data-widget_type=\"heading.default\"><div class=\"elementor-widget-container\">Se tiver deixado coment\u00e1rios neste s\u00edtio Web, pode pedir para receber um ficheiro de exporta\u00e7\u00e3o com os dados pessoais armazenados sobre si, incluindo quaisquer dados pessoais que tenha especificado. Tamb\u00e9m pode pedir que os dados guardados sejam eliminados. Isto n\u00e3o inclui quaisquer dados pessoais que tenham de ser mantidos para fins administrativos, legais ou de seguran\u00e7a.<\/div><\/div><\/div><\/div><\/div><\/section><section class=\"elementor-section elementor-top-section elementor-element elementor-element-5ea541f0 elementor-section-boxed elementor-section-height-default elementor-section-height-default\" data-id=\"5ea541f0\" data-element_type=\"section\"><div class=\"elementor-container elementor-column-gap-default\"><div class=\"elementor-column elementor-col-100 elementor-top-column elementor-element elementor-element-20dd5569\" data-id=\"20dd5569\" data-element_type=\"column\"><div class=\"elementor-widget-wrap elementor-element-populated\"><div class=\"elementor-element elementor-element-41c2bb85 elementor-widget elementor-widget-text-editor\" data-id=\"41c2bb85\" data-element_type=\"widget\" data-widget_type=\"text-editor.default\"><div class=\"elementor-widget-container\"><p><span lang=\"EN-US\">Se tiver alguma d\u00favida sobre a nossa pol\u00edtica de privacidade ou se pretender alterar, atualizar ou remover quaisquer informa\u00e7\u00f5es pessoais, envie uma mensagem de correio eletr\u00f3nico para <a href=\"mailto:info@pantheonrome-tickets.it\">info@pantheonrome-tickets.it<\/a>.<\/span><\/p><\/div><\/div><\/div><\/div><\/div><\/section>\t\t\t\t\t\t\t\t<\/div>\n\t\t\t\t<div class=\"elementor-element elementor-element-f4c18cc elementor-widget elementor-widget-heading\" data-id=\"f4c18cc\" data-element_type=\"widget\" data-e-type=\"widget\" data-widget_type=\"heading.default\">\n\t\t\t\t\t<h3 class=\"elementor-heading-title elementor-size-default\">Termos e condi\u00e7\u00f5es<\/h3>\t\t\t\t<\/div>\n\t\t\t\t<div class=\"elementor-element elementor-element-a08bd1b elementor-widget elementor-widget-text-editor\" data-id=\"a08bd1b\" data-element_type=\"widget\" data-e-type=\"widget\" data-widget_type=\"text-editor.default\">\n\t\t\t\t\t\t\t\t\t<section class=\"elementor-section elementor-top-section elementor-element elementor-element-d84f624 elementor-section-boxed elementor-section-height-default elementor-section-height-default\" data-id=\"d84f624\" data-element_type=\"section\"><div class=\"elementor-container elementor-column-gap-default\"><div class=\"elementor-column elementor-col-100 elementor-top-column elementor-element elementor-element-76d7e138\" data-id=\"76d7e138\" data-element_type=\"column\"><div class=\"elementor-widget-wrap elementor-element-populated\"><div class=\"elementor-element elementor-element-64f6227a elementor-widget elementor-widget-heading\" data-id=\"64f6227a\" data-element_type=\"widget\" data-widget_type=\"heading.default\">Se tiver alguma d\u00favida sobre as condi\u00e7\u00f5es gerais de utiliza\u00e7\u00e3o deste s\u00edtio Web, consulte o nosso <a href=\"https:\/\/pantheonrome-tickets.it\/pt\/isencao-de-responsabilidade-e-termos-condicoes\/\">P\u00e1gina de isen\u00e7\u00e3o de responsabilidade e termos e condi\u00e7\u00f5es<\/a>.<\/div><\/div><\/div><\/div><\/section>\t\t\t\t\t\t\t\t<\/div>\n\t\t\t\t\t<\/div>\n\t\t\t\t<\/div>\n\t\t\t\t<\/div>","protected":false},"excerpt":{"rendered":"<p>Privacy &amp; Cookies Policy Your privacy is important. It is the Privacy &amp; Cookies Policy of the www.pantheonrome-tickets.it website to respect your privacy in relation to any information that may be collected on the website. Personal information is requested only when it is really necessary to provide you with a [&hellip;]<\/p>\n","protected":false},"author":1,"featured_media":0,"parent":0,"menu_order":0,"comment_status":"closed","ping_status":"closed","template":"page-templates\/template-pagebuilder-full-width.php","meta":{"footnotes":""},"class_list":["post-309","page","type-page","status-publish","hentry"],"yoast_head":"<!-- This site is optimized with the Yoast SEO plugin v27.3 - https:\/\/yoast.com\/product\/yoast-seo-wordpress\/ -->\n<title>Privacy &amp; Cookies Policy - Pantheon Rome Tickets<\/title>\n<meta name=\"robots\" content=\"index, follow, max-snippet:-1, max-image-preview:large, max-video-preview:-1\" \/>\n<link rel=\"canonical\" href=\"https:\/\/pantheonrome-tickets.it\/pt\/politica-de-privacidade-cookies\/\" \/>\n<meta property=\"og:locale\" content=\"pt_PT\" \/>\n<meta property=\"og:type\" content=\"article\" \/>\n<meta property=\"og:title\" content=\"Privacy &amp; Cookies Policy - Pantheon Rome Tickets\" \/>\n<meta property=\"og:description\" content=\"Privacy &amp; Cookies Policy Your privacy is important. It is the Privacy &amp; Cookies Policy of the www.pantheonrome-tickets.it website to respect your privacy in relation to any information that may be collected on the website. Personal information is requested only when it is really necessary to provide you with a [&hellip;]\" \/>\n<meta property=\"og:url\" content=\"https:\/\/pantheonrome-tickets.it\/pt\/politica-de-privacidade-cookies\/\" \/>\n<meta property=\"og:site_name\" content=\"Pantheon Rome Tickets\" \/>\n<meta property=\"article:modified_time\" content=\"2026-03-12T11:32:15+00:00\" \/>\n<meta name=\"twitter:card\" content=\"summary_large_image\" \/>\n<meta name=\"twitter:label1\" content=\"Tempo estimado de leitura\" \/>\n\t<meta name=\"twitter:data1\" content=\"2 minutos\" \/>\n<script type=\"application\/ld+json\" class=\"yoast-schema-graph\">{\"@context\":\"https:\\\/\\\/schema.org\",\"@graph\":[{\"@type\":\"WebPage\",\"@id\":\"https:\\\/\\\/pantheonrome-tickets.it\\\/privacy-cookies-policy\\\/\",\"url\":\"https:\\\/\\\/pantheonrome-tickets.it\\\/privacy-cookies-policy\\\/\",\"name\":\"Privacy &amp; Cookies Policy - Pantheon Rome Tickets\",\"isPartOf\":{\"@id\":\"https:\\\/\\\/pantheonrome-tickets.it\\\/#website\"},\"datePublished\":\"2026-03-12T11:13:54+00:00\",\"dateModified\":\"2026-03-12T11:32:15+00:00\",\"breadcrumb\":{\"@id\":\"https:\\\/\\\/pantheonrome-tickets.it\\\/privacy-cookies-policy\\\/#breadcrumb\"},\"inLanguage\":\"pt-PT\",\"potentialAction\":[{\"@type\":\"ReadAction\",\"target\":[\"https:\\\/\\\/pantheonrome-tickets.it\\\/privacy-cookies-policy\\\/\"]}]},{\"@type\":\"BreadcrumbList\",\"@id\":\"https:\\\/\\\/pantheonrome-tickets.it\\\/privacy-cookies-policy\\\/#breadcrumb\",\"itemListElement\":[{\"@type\":\"ListItem\",\"position\":1,\"name\":\"Home\",\"item\":\"https:\\\/\\\/pantheonrome-tickets.it\\\/\"},{\"@type\":\"ListItem\",\"position\":2,\"name\":\"Privacy &amp; Cookies Policy\"}]},{\"@type\":\"WebSite\",\"@id\":\"https:\\\/\\\/pantheonrome-tickets.it\\\/#website\",\"url\":\"https:\\\/\\\/pantheonrome-tickets.it\\\/\",\"name\":\"Pantheon Rome Tickets\",\"description\":\"\",\"publisher\":{\"@id\":\"https:\\\/\\\/pantheonrome-tickets.it\\\/#organization\"},\"potentialAction\":[{\"@type\":\"SearchAction\",\"target\":{\"@type\":\"EntryPoint\",\"urlTemplate\":\"https:\\\/\\\/pantheonrome-tickets.it\\\/?s={search_term_string}\"},\"query-input\":{\"@type\":\"PropertyValueSpecification\",\"valueRequired\":true,\"valueName\":\"search_term_string\"}}],\"inLanguage\":\"pt-PT\"},{\"@type\":\"Organization\",\"@id\":\"https:\\\/\\\/pantheonrome-tickets.it\\\/#organization\",\"name\":\"Pantheon Rome Tickets\",\"url\":\"https:\\\/\\\/pantheonrome-tickets.it\\\/\",\"logo\":{\"@type\":\"ImageObject\",\"inLanguage\":\"pt-PT\",\"@id\":\"https:\\\/\\\/pantheonrome-tickets.it\\\/#\\\/schema\\\/logo\\\/image\\\/\",\"url\":\"https:\\\/\\\/pantheonrome-tickets.it\\\/wp-content\\\/uploads\\\/2026\\\/03\\\/Rome-Pantheon-Logo.png\",\"contentUrl\":\"https:\\\/\\\/pantheonrome-tickets.it\\\/wp-content\\\/uploads\\\/2026\\\/03\\\/Rome-Pantheon-Logo.png\",\"width\":500,\"height\":500,\"caption\":\"Pantheon Rome Tickets\"},\"image\":{\"@id\":\"https:\\\/\\\/pantheonrome-tickets.it\\\/#\\\/schema\\\/logo\\\/image\\\/\"}}]}<\/script>\n<!-- \/ Yoast SEO plugin. -->","yoast_head_json":{"title":"Pol\u00edtica de Privacidade e Cookies - Bilhetes Pantheon Roma","robots":{"index":"index","follow":"follow","max-snippet":"max-snippet:-1","max-image-preview":"max-image-preview:large","max-video-preview":"max-video-preview:-1"},"canonical":"https:\/\/pantheonrome-tickets.it\/pt\/politica-de-privacidade-cookies\/","og_locale":"pt_PT","og_type":"article","og_title":"Privacy &amp; Cookies Policy - Pantheon Rome Tickets","og_description":"Privacy &amp; Cookies Policy Your privacy is important. It is the Privacy &amp; Cookies Policy of the www.pantheonrome-tickets.it website to respect your privacy in relation to any information that may be collected on the website. Personal information is requested only when it is really necessary to provide you with a [&hellip;]","og_url":"https:\/\/pantheonrome-tickets.it\/pt\/politica-de-privacidade-cookies\/","og_site_name":"Pantheon Rome Tickets","article_modified_time":"2026-03-12T11:32:15+00:00","twitter_card":"summary_large_image","twitter_misc":{"Tempo estimado de leitura":"2 minutos"},"schema":{"@context":"https:\/\/schema.org","@graph":[{"@type":"WebPage","@id":"https:\/\/pantheonrome-tickets.it\/privacy-cookies-policy\/","url":"https:\/\/pantheonrome-tickets.it\/privacy-cookies-policy\/","name":"Pol\u00edtica de Privacidade e Cookies - Bilhetes Pantheon Roma","isPartOf":{"@id":"https:\/\/pantheonrome-tickets.it\/#website"},"datePublished":"2026-03-12T11:13:54+00:00","dateModified":"2026-03-12T11:32:15+00:00","breadcrumb":{"@id":"https:\/\/pantheonrome-tickets.it\/privacy-cookies-policy\/#breadcrumb"},"inLanguage":"pt-PT","potentialAction":[{"@type":"ReadAction","target":["https:\/\/pantheonrome-tickets.it\/privacy-cookies-policy\/"]}]},{"@type":"BreadcrumbList","@id":"https:\/\/pantheonrome-tickets.it\/privacy-cookies-policy\/#breadcrumb","itemListElement":[{"@type":"ListItem","position":1,"name":"Home","item":"https:\/\/pantheonrome-tickets.it\/"},{"@type":"ListItem","position":2,"name":"Privacy &amp; Cookies Policy"}]},{"@type":"WebSite","@id":"https:\/\/pantheonrome-tickets.it\/#website","url":"https:\/\/pantheonrome-tickets.it\/","name":"Bilhetes Pantheon Roma","description":"","publisher":{"@id":"https:\/\/pantheonrome-tickets.it\/#organization"},"potentialAction":[{"@type":"SearchAction","target":{"@type":"EntryPoint","urlTemplate":"https:\/\/pantheonrome-tickets.it\/?s={search_term_string}"},"query-input":{"@type":"PropertyValueSpecification","valueRequired":true,"valueName":"search_term_string"}}],"inLanguage":"pt-PT"},{"@type":"Organization","@id":"https:\/\/pantheonrome-tickets.it\/#organization","name":"Bilhetes Pantheon Roma","url":"https:\/\/pantheonrome-tickets.it\/","logo":{"@type":"ImageObject","inLanguage":"pt-PT","@id":"https:\/\/pantheonrome-tickets.it\/#\/schema\/logo\/image\/","url":"https:\/\/pantheonrome-tickets.it\/wp-content\/uploads\/2026\/03\/Rome-Pantheon-Logo.png","contentUrl":"https:\/\/pantheonrome-tickets.it\/wp-content\/uploads\/2026\/03\/Rome-Pantheon-Logo.png","width":500,"height":500,"caption":"Pantheon Rome Tickets"},"image":{"@id":"https:\/\/pantheonrome-tickets.it\/#\/schema\/logo\/image\/"}}]}},"_links":{"self":[{"href":"https:\/\/pantheonrome-tickets.it\/pt\/wp-json\/wp\/v2\/pages\/309","targetHints":{"allow":["GET"]}}],"collection":[{"href":"https:\/\/pantheonrome-tickets.it\/pt\/wp-json\/wp\/v2\/pages"}],"about":[{"href":"https:\/\/pantheonrome-tickets.it\/pt\/wp-json\/wp\/v2\/types\/page"}],"author":[{"embeddable":true,"href":"https:\/\/pantheonrome-tickets.it\/pt\/wp-json\/wp\/v2\/users\/1"}],"replies":[{"embeddable":true,"href":"https:\/\/pantheonrome-tickets.it\/pt\/wp-json\/wp\/v2\/comments?post=309"}],"version-history":[{"count":13,"href":"https:\/\/pantheonrome-tickets.it\/pt\/wp-json\/wp\/v2\/pages\/309\/revisions"}],"predecessor-version":[{"id":334,"href":"https:\/\/pantheonrome-tickets.it\/pt\/wp-json\/wp\/v2\/pages\/309\/revisions\/334"}],"wp:attachment":[{"href":"https:\/\/pantheonrome-tickets.it\/pt\/wp-json\/wp\/v2\/media?parent=309"}],"curies":[{"name":"wp","href":"https:\/\/api.w.org\/{rel}","templated":true}]}}